{"id":305,"date":"2021-11-22T09:50:32","date_gmt":"2021-11-22T09:50:32","guid":{"rendered":"http:\/\/meoso.gmbh\/?page_id=305"},"modified":"2021-12-04T17:44:30","modified_gmt":"2021-12-04T17:44:30","slug":"virtualisierung","status":"publish","type":"page","link":"https:\/\/meoso.gmbh\/?page_id=305","title":{"rendered":"Virtualisierung"},"content":{"rendered":"\t\t<div data-elementor-type=\"wp-page\" data-elementor-id=\"305\" class=\"elementor elementor-305\">\n\t\t\t\t\t\t<section class=\"has_eae_slider elementor-section elementor-top-section elementor-element elementor-element-1801d37 elementor-section-boxed elementor-section-height-default elementor-section-height-default\" data-eae-slider=\"20134\" data-id=\"1801d37\" data-element_type=\"section\" data-e-type=\"section\">\n\t\t\t\t\t\t<div class=\"elementor-container elementor-column-gap-default\">\n\t\t\t\t\t<div class=\"has_eae_slider elementor-column elementor-col-50 elementor-top-column elementor-element elementor-element-0856c70\" data-eae-slider=\"36459\" data-id=\"0856c70\" data-element_type=\"column\" data-e-type=\"column\">\n\t\t\t<div class=\"elementor-widget-wrap elementor-element-populated\">\n\t\t\t\t\t\t<div class=\"elementor-element elementor-element-80f5792 elementor-widget elementor-widget-heading\" data-id=\"80f5792\" data-element_type=\"widget\" data-e-type=\"widget\" data-widget_type=\"heading.default\">\n\t\t\t\t<div class=\"elementor-widget-container\">\n\t\t\t\t\t<h2 class=\"elementor-heading-title elementor-size-default\">Virtualisierung \u2013 hat viele Vorteile und spart deutlich Kosten\n\n<\/h2>\t\t\t\t<\/div>\n\t\t\t\t<\/div>\n\t\t\t\t<div class=\"elementor-element elementor-element-713a5df elementor-widget elementor-widget-text-editor\" data-id=\"713a5df\" data-element_type=\"widget\" data-e-type=\"widget\" data-widget_type=\"text-editor.default\">\n\t\t\t\t<div class=\"elementor-widget-container\">\n\t\t\t\t\t\t\t\t\t<div id=\"c1227\"><div id=\"c1227\"><p>Unter Virtualisierung versteht man das Verfahren, auf einem Rechner oder Server mehrere Betriebssysteme parallel zu installieren und diese unabh\u00e4ngig voneinander gleichzeitig mit unterschiedlichen Anwendungen laufen zu lassen.<\/p><p>Das Verfahren der Virtualisierung bietet v\u00f6llig neue M\u00f6glichkeiten, und die wichtigsten Infos haben wir Ihnen hier zusammengestellt. Die beiden wichtigsten Anbieter am Markt sind derzeit Microsoft mit dem Produkt \u201eHyper-V\u201c und VMware mit \u201evSphere\u201c.<\/p><p>Bisher hat man oft f\u00fcr jede Anwendung einen eigenen Hardwareserver installiert und so hat sich oft ergeben, dass jeder Server nur mit 10% \u2013 20% ausgelastet war. Wenn man nun auf einer Hardware 3-5 Server installiert, ist die Auslastung der Hardware deutlich effektiver.<\/p><p>Dadurch, dass ein virtueller Server mit seinem gesamten Inhalt als eine gro\u00dfe Datei dargestellt wird, kann man im Falle eines Hardwareausfalls einen virtuellen Server deutlich schneller wieder herstellen. Man kopiert einfach die gro\u00dfe Datei auf eine andere Hardware, startet das System und weiter geht\u2019s.<\/p><p>Wenn Sie mehrere Hardware Server im Haus haben, kann man die virtuellen Umgebungen so einrichten, dass ein Server die virtuellen Maschinen \u00fcbernehmen kann, falls die andere Serverhardware ausf\u00e4llt.<\/p><\/div><\/div>\t\t\t\t\t\t\t\t<\/div>\n\t\t\t\t<\/div>\n\t\t\t\t<section class=\"has_eae_slider elementor-section elementor-inner-section elementor-element elementor-element-65d59f2 elementor-section-boxed elementor-section-height-default elementor-section-height-default\" data-eae-slider=\"51316\" data-id=\"65d59f2\" data-element_type=\"section\" data-e-type=\"section\">\n\t\t\t\t\t\t<div class=\"elementor-container elementor-column-gap-default\">\n\t\t\t\t\t<div class=\"has_eae_slider elementor-column elementor-col-50 elementor-inner-column elementor-element elementor-element-5ea8729\" data-eae-slider=\"96142\" data-id=\"5ea8729\" data-element_type=\"column\" data-e-type=\"column\">\n\t\t\t<div class=\"elementor-widget-wrap elementor-element-populated\">\n\t\t\t\t\t\t<div class=\"elementor-element elementor-element-3580c21 elementor-widget elementor-widget-heading\" data-id=\"3580c21\" data-element_type=\"widget\" data-e-type=\"widget\" data-widget_type=\"heading.default\">\n\t\t\t\t<div class=\"elementor-widget-container\">\n\t\t\t\t\t<h2 class=\"elementor-heading-title elementor-size-default\">Mehrere Serverbetriebssysteme in unterschiedlichen Versionen auf einer Serverhardware<\/h2>\t\t\t\t<\/div>\n\t\t\t\t<\/div>\n\t\t\t\t\t<\/div>\n\t\t<\/div>\n\t\t\t\t<div class=\"has_eae_slider elementor-column elementor-col-50 elementor-inner-column elementor-element elementor-element-dcacd16\" data-eae-slider=\"17698\" data-id=\"dcacd16\" data-element_type=\"column\" data-e-type=\"column\">\n\t\t\t<div class=\"elementor-widget-wrap elementor-element-populated\">\n\t\t\t\t\t\t<div class=\"elementor-element elementor-element-50cd2f7 elementor-widget elementor-widget-image\" data-id=\"50cd2f7\" data-element_type=\"widget\" data-e-type=\"widget\" data-widget_type=\"image.default\">\n\t\t\t\t<div class=\"elementor-widget-container\">\n\t\t\t\t\t\t\t\t\t\t\t\t\t\t\t<img fetchpriority=\"high\" decoding=\"async\" width=\"685\" height=\"220\" src=\"https:\/\/meoso.gmbh\/wp-content\/uploads\/2021\/11\/Netzwerkadministration_Windows-Server-Hyper-V.jpg\" class=\"attachment-large size-large wp-image-307\" alt=\"\" srcset=\"https:\/\/meoso.gmbh\/wp-content\/uploads\/2021\/11\/Netzwerkadministration_Windows-Server-Hyper-V.jpg 685w, https:\/\/meoso.gmbh\/wp-content\/uploads\/2021\/11\/Netzwerkadministration_Windows-Server-Hyper-V-300x96.jpg 300w\" sizes=\"(max-width: 685px) 100vw, 685px\" \/>\t\t\t\t\t\t\t\t\t\t\t\t\t\t\t<\/div>\n\t\t\t\t<\/div>\n\t\t\t\t\t<\/div>\n\t\t<\/div>\n\t\t\t\t\t<\/div>\n\t\t<\/section>\n\t\t\t\t<div class=\"elementor-element elementor-element-0c590f0 elementor-widget elementor-widget-text-editor\" data-id=\"0c590f0\" data-element_type=\"widget\" data-e-type=\"widget\" data-widget_type=\"text-editor.default\">\n\t\t\t\t<div class=\"elementor-widget-container\">\n\t\t\t\t\t\t\t\t\t<div id=\"c1227\"><div id=\"c1227\"><p>Die Basisversion von Hyper-V ist derzeit kostenfrei und vom Funktionsumfang f\u00fcr kleine und mittelst\u00e4ndische Unternehmen besonders interessant. Es ist m\u00f6glich, mehrere Serverbetriebssysteme in unterschiedlichen Versionen auf einer Serverhardware parallel zu installieren und einzeln ein- und ausschalten. Im Netzwerk verhalten sich die Server wie einzelne festinstallierte Systeme. Praktisch ist es auch, dass man beim Ausfall der Serverhardware einen Server, der als virtuelle Maschine installiert wurde, deutlich schneller wieder auf einer neuen Hardware installieren kann als ein normal installiertes System. Bei einer virtuellen Maschine befindet sich der ganze Server in einer einzigen gro\u00dfen Datei und nur diese Datei muss auf einen neuen Server kopiert und gestartet werden.<\/p><\/div><\/div>\t\t\t\t\t\t\t\t<\/div>\n\t\t\t\t<\/div>\n\t\t\t\t<section class=\"has_eae_slider elementor-section elementor-inner-section elementor-element elementor-element-9063c5f elementor-section-boxed elementor-section-height-default elementor-section-height-default\" data-eae-slider=\"45759\" data-id=\"9063c5f\" data-element_type=\"section\" data-e-type=\"section\">\n\t\t\t\t\t\t<div class=\"elementor-container elementor-column-gap-default\">\n\t\t\t\t\t<div class=\"has_eae_slider elementor-column elementor-col-50 elementor-inner-column elementor-element elementor-element-0d18daf\" data-eae-slider=\"16498\" data-id=\"0d18daf\" data-element_type=\"column\" data-e-type=\"column\">\n\t\t\t<div class=\"elementor-widget-wrap elementor-element-populated\">\n\t\t\t\t\t\t<div class=\"elementor-element elementor-element-1a70e50 elementor-widget elementor-widget-heading\" data-id=\"1a70e50\" data-element_type=\"widget\" data-e-type=\"widget\" data-widget_type=\"heading.default\">\n\t\t\t\t<div class=\"elementor-widget-container\">\n\t\t\t\t\t<h2 class=\"elementor-heading-title elementor-size-default\">VMware vSphere \u2013 Virtualisierung angepasst an Ihren Bedarf<\/h2>\t\t\t\t<\/div>\n\t\t\t\t<\/div>\n\t\t\t\t\t<\/div>\n\t\t<\/div>\n\t\t\t\t<div class=\"has_eae_slider elementor-column elementor-col-50 elementor-inner-column elementor-element elementor-element-09c7783\" data-eae-slider=\"36723\" data-id=\"09c7783\" data-element_type=\"column\" data-e-type=\"column\">\n\t\t\t<div class=\"elementor-widget-wrap elementor-element-populated\">\n\t\t\t\t\t\t<div class=\"elementor-element elementor-element-dc6bb99 elementor-widget elementor-widget-image\" data-id=\"dc6bb99\" data-element_type=\"widget\" data-e-type=\"widget\" data-widget_type=\"image.default\">\n\t\t\t\t<div class=\"elementor-widget-container\">\n\t\t\t\t\t\t\t\t\t\t\t\t\t\t\t<img decoding=\"async\" width=\"685\" height=\"220\" src=\"https:\/\/meoso.gmbh\/wp-content\/uploads\/2021\/11\/Netzwerkadministration_vmware-vSphere.jpg\" class=\"attachment-large size-large wp-image-309\" alt=\"\" srcset=\"https:\/\/meoso.gmbh\/wp-content\/uploads\/2021\/11\/Netzwerkadministration_vmware-vSphere.jpg 685w, https:\/\/meoso.gmbh\/wp-content\/uploads\/2021\/11\/Netzwerkadministration_vmware-vSphere-300x96.jpg 300w\" sizes=\"(max-width: 685px) 100vw, 685px\" \/>\t\t\t\t\t\t\t\t\t\t\t\t\t\t\t<\/div>\n\t\t\t\t<\/div>\n\t\t\t\t\t<\/div>\n\t\t<\/div>\n\t\t\t\t\t<\/div>\n\t\t<\/section>\n\t\t\t\t<div class=\"elementor-element elementor-element-af38211 elementor-widget elementor-widget-text-editor\" data-id=\"af38211\" data-element_type=\"widget\" data-e-type=\"widget\" data-widget_type=\"text-editor.default\">\n\t\t\t\t<div class=\"elementor-widget-container\">\n\t\t\t\t\t\t\t\t\t<div id=\"c1227\"><div id=\"c1227\"><p>VMware bietet ebenfalls eine kostenfreie Basisversion mit stark eingeschr\u00e4nktem Funktionsumfang \u2013 diese kostenlose Variante hat aber weniger M\u00f6glichkeiten als Hyper-V. Die kostenpflichtige Version hat daf\u00fcr einen gr\u00f6\u00dferen Funktionsumfang als Hyper-V und lohnt sich besonders dann, wenn man viele virtuelle Server betreiben m\u00f6chte. Zu den zus\u00e4tzlichen Funktionen z\u00e4hlen z.B. bessere Verwaltung des Server-Arbeitsspeichers, mehr M\u00f6glichkeiten, die Server hoch-verf\u00fcgbar zu machen und noch einige weitere Details. Die Kosten liegen bei der kostenpflichtigen Version bei ca. 800,- Euro aufw\u00e4rts.<\/p><p>Die offiziellen Informationen von Microsoft zum Thema Hyper-V finden Sie hier:\u00a0https:\/\/www.microsoft.com\/de-de\/cloud-platform\/server-virtualization<\/p><p>Und hier die Informationen zu VMware:\u00a0https:\/\/www.vmware.com\/de\/solutions\/virtualization.html<\/p><\/div><\/div>\t\t\t\t\t\t\t\t<\/div>\n\t\t\t\t<\/div>\n\t\t\t\t\t<\/div>\n\t\t<\/div>\n\t\t\t\t<div class=\"has_eae_slider elementor-column elementor-col-50 elementor-top-column elementor-element elementor-element-595d509\" data-eae-slider=\"42044\" data-id=\"595d509\" data-element_type=\"column\" data-e-type=\"column\">\n\t\t\t<div class=\"elementor-widget-wrap elementor-element-populated\">\n\t\t\t\t\t\t<section class=\"has_eae_slider elementor-section elementor-inner-section elementor-element elementor-element-f2b0e71 elementor-section-boxed elementor-section-height-default elementor-section-height-default\" data-eae-slider=\"11941\" data-id=\"f2b0e71\" data-element_type=\"section\" data-e-type=\"section\" data-settings=\"{&quot;sticky&quot;:&quot;top&quot;,&quot;sticky_effects_offset&quot;:50,&quot;sticky_parent&quot;:&quot;yes&quot;,&quot;sticky_on&quot;:[&quot;desktop&quot;,&quot;tablet&quot;,&quot;mobile&quot;],&quot;sticky_offset&quot;:0}\">\n\t\t\t\t\t\t<div class=\"elementor-container elementor-column-gap-default\">\n\t\t\t\t\t<div class=\"has_eae_slider elementor-column elementor-col-100 elementor-inner-column elementor-element elementor-element-78ac93a\" data-eae-slider=\"77216\" data-id=\"78ac93a\" data-element_type=\"column\" data-e-type=\"column\" data-settings=\"{&quot;background_background&quot;:&quot;classic&quot;}\">\n\t\t\t<div class=\"elementor-widget-wrap elementor-element-populated\">\n\t\t\t\t\t\t<div class=\"elementor-element elementor-element-9cf3d42 elementor-widget elementor-widget-heading\" data-id=\"9cf3d42\" data-element_type=\"widget\" data-e-type=\"widget\" data-widget_type=\"heading.default\">\n\t\t\t\t<div class=\"elementor-widget-container\">\n\t\t\t\t\t<h2 class=\"elementor-heading-title elementor-size-default\">Wie geht's weiter?<\/h2>\t\t\t\t<\/div>\n\t\t\t\t<\/div>\n\t\t\t\t<div class=\"elementor-element elementor-element-29f67b9 elementor-widget elementor-widget-text-editor\" data-id=\"29f67b9\" data-element_type=\"widget\" data-e-type=\"widget\" data-widget_type=\"text-editor.default\">\n\t\t\t\t<div class=\"elementor-widget-container\">\n\t\t\t\t\t\t\t\t\t<p>Rufen Sie uns an oder schildern Sie uns Ihr Anliegen \u2013 wir melden uns dann schnellstm\u00f6glich bei Ihnen.<\/p>\t\t\t\t\t\t\t\t<\/div>\n\t\t\t\t<\/div>\n\t\t\t\t<div class=\"elementor-element elementor-element-9fcb5e5 elementor-widget elementor-widget-button\" data-id=\"9fcb5e5\" data-element_type=\"widget\" data-e-type=\"widget\" data-widget_type=\"button.default\">\n\t\t\t\t<div class=\"elementor-widget-container\">\n\t\t\t\t\t\t\t\t\t<div class=\"elementor-button-wrapper\">\n\t\t\t\t\t<a class=\"elementor-button elementor-button-link elementor-size-sm\" href=\"tel:%200151%20268%2043%20243\">\n\t\t\t\t\t\t<span class=\"elementor-button-content-wrapper\">\n\t\t\t\t\t\t<span class=\"elementor-button-icon\">\n\t\t\t\t<i aria-hidden=\"true\" class=\"fas fa-mobile-alt\"><\/i>\t\t\t<\/span>\n\t\t\t\t\t\t\t\t\t<span class=\"elementor-button-text\">0151 268 43 243<\/span>\n\t\t\t\t\t<\/span>\n\t\t\t\t\t<\/a>\n\t\t\t\t<\/div>\n\t\t\t\t\t\t\t\t<\/div>\n\t\t\t\t<\/div>\n\t\t\t\t<div class=\"elementor-element elementor-element-61760da elementor-button-align-stretch elementor-widget elementor-widget-form\" data-id=\"61760da\" data-element_type=\"widget\" data-e-type=\"widget\" data-settings=\"{&quot;step_next_label&quot;:&quot;Next&quot;,&quot;step_previous_label&quot;:&quot;Previous&quot;,&quot;button_width&quot;:&quot;100&quot;,&quot;step_type&quot;:&quot;number_text&quot;,&quot;step_icon_shape&quot;:&quot;circle&quot;}\" data-widget_type=\"form.default\">\n\t\t\t\t<div class=\"elementor-widget-container\">\n\t\t\t\t\t\t\t<form class=\"elementor-form\" method=\"post\" name=\"New Form\">\n\t\t\t<input type=\"hidden\" name=\"post_id\" value=\"305\"\/>\n\t\t\t<input type=\"hidden\" name=\"form_id\" value=\"61760da\"\/>\n\t\t\t<input type=\"hidden\" name=\"referer_title\" value=\"\" \/>\n\n\t\t\t\n\t\t\t<div class=\"elementor-form-fields-wrapper elementor-labels-above\">\n\t\t\t\t\t\t\t\t<div class=\"elementor-field-type-text elementor-field-group elementor-column elementor-field-group-name elementor-col-100\">\n\t\t\t\t\t\t\t\t\t\t\t\t<label for=\"form-field-name\" class=\"elementor-field-label\">\n\t\t\t\t\t\t\t\tName\t\t\t\t\t\t\t<\/label>\n\t\t\t\t\t\t\t\t\t\t\t\t\t\t<input size=\"1\" type=\"text\" name=\"form_fields[name]\" id=\"form-field-name\" class=\"elementor-field elementor-size-sm  elementor-field-textual\">\n\t\t\t\t\t\t\t\t\t\t\t<\/div>\n\t\t\t\t\t\t\t\t<div class=\"elementor-field-type-text elementor-field-group elementor-column elementor-field-group-field_ce2d55b elementor-col-70\">\n\t\t\t\t\t\t\t\t\t\t\t\t<label for=\"form-field-field_ce2d55b\" class=\"elementor-field-label\">\n\t\t\t\t\t\t\t\tFirma\t\t\t\t\t\t\t<\/label>\n\t\t\t\t\t\t\t\t\t\t\t\t\t\t<input size=\"1\" type=\"text\" name=\"form_fields[field_ce2d55b]\" id=\"form-field-field_ce2d55b\" class=\"elementor-field elementor-size-sm  elementor-field-textual\">\n\t\t\t\t\t\t\t\t\t\t\t<\/div>\n\t\t\t\t\t\t\t\t<div class=\"elementor-field-type-number elementor-field-group elementor-column elementor-field-group-field_b6437f6 elementor-col-30 elementor-field-required elementor-mark-required\">\n\t\t\t\t\t\t\t\t\t\t\t\t<label for=\"form-field-field_b6437f6\" class=\"elementor-field-label\">\n\t\t\t\t\t\t\t\tAnzahl PCs\t\t\t\t\t\t\t<\/label>\n\t\t\t\t\t\t\t\t\t<input type=\"number\" name=\"form_fields[field_b6437f6]\" id=\"form-field-field_b6437f6\" class=\"elementor-field elementor-size-sm  elementor-field-textual\" required=\"required\" aria-required=\"true\" min=\"\" max=\"\" >\n\t\t\t\t\t\t<\/div>\n\t\t\t\t\t\t\t\t<div class=\"elementor-field-type-email elementor-field-group elementor-column elementor-field-group-email elementor-col-100 elementor-field-required elementor-mark-required\">\n\t\t\t\t\t\t\t\t\t\t\t\t<label for=\"form-field-email\" class=\"elementor-field-label\">\n\t\t\t\t\t\t\t\tE-Mail\t\t\t\t\t\t\t<\/label>\n\t\t\t\t\t\t\t\t\t\t\t\t\t\t<input size=\"1\" type=\"email\" name=\"form_fields[email]\" id=\"form-field-email\" class=\"elementor-field elementor-size-sm  elementor-field-textual\" required=\"required\" aria-required=\"true\">\n\t\t\t\t\t\t\t\t\t\t\t<\/div>\n\t\t\t\t\t\t\t\t<div class=\"elementor-field-type-text elementor-field-group elementor-column elementor-field-group-field_c871136 elementor-col-100\">\n\t\t\t\t\t\t\t\t\t\t\t\t<label for=\"form-field-field_c871136\" class=\"elementor-field-label\">\n\t\t\t\t\t\t\t\tTelefon\t\t\t\t\t\t\t<\/label>\n\t\t\t\t\t\t\t\t\t\t\t\t\t\t<input size=\"1\" type=\"text\" name=\"form_fields[field_c871136]\" id=\"form-field-field_c871136\" class=\"elementor-field elementor-size-sm  elementor-field-textual\">\n\t\t\t\t\t\t\t\t\t\t\t<\/div>\n\t\t\t\t\t\t\t\t<div class=\"elementor-field-type-textarea elementor-field-group elementor-column elementor-field-group-message elementor-col-100\">\n\t\t\t\t\t\t\t\t\t\t\t\t<label for=\"form-field-message\" class=\"elementor-field-label\">\n\t\t\t\t\t\t\t\tWas k\u00f6nnen wir f\u00fcr Sie tun?\t\t\t\t\t\t\t<\/label>\n\t\t\t\t\t\t<textarea class=\"elementor-field-textual elementor-field  elementor-size-sm\" name=\"form_fields[message]\" id=\"form-field-message\" rows=\"3\"><\/textarea>\t\t\t\t<\/div>\n\t\t\t\t\t\t\t\t<div class=\"elementor-field-type-acceptance elementor-field-group elementor-column elementor-field-group-field_91bacf9 elementor-col-100 elementor-field-required elementor-mark-required\">\n\t\t\t\t\t\t\t<div class=\"elementor-field-subgroup\">\n\t\t\t<span class=\"elementor-field-option\">\n\t\t\t\t<input type=\"checkbox\" name=\"form_fields[field_91bacf9]\" id=\"form-field-field_91bacf9\" class=\"elementor-field elementor-size-sm  elementor-acceptance-field\" required=\"required\" aria-required=\"true\">\n\t\t\t\t<label for=\"form-field-field_91bacf9\">Ich stimme der Verarbeitung meiner Daten gem\u00e4\u00df Datenschutzerkl\u00e4rung zu.<\/label>\t\t\t<\/span>\n\t\t<\/div>\n\t\t\t\t\t\t<\/div>\n\t\t\t\t\t\t\t\t<div class=\"elementor-field-group elementor-column elementor-field-type-submit elementor-col-100 e-form__buttons\">\n\t\t\t\t\t<button type=\"submit\" class=\"elementor-button elementor-size-sm\">\n\t\t\t\t\t\t<span >\n\t\t\t\t\t\t\t\t\t\t\t\t\t\t\t<span class=\" elementor-button-icon\">\n\t\t\t\t\t\t\t\t\t\t\t\t\t\t\t\t\t\t\t\t\t\t\t\t\t\t<\/span>\n\t\t\t\t\t\t\t\t\t\t\t\t\t\t\t\t\t\t\t\t\t\t<span class=\"elementor-button-text\">IT-Betreuung anfragen<\/span>\n\t\t\t\t\t\t\t\t\t\t\t\t\t<\/span>\n\t\t\t\t\t<\/button>\n\t\t\t\t<\/div>\n\t\t\t<\/div>\n\t\t<\/form>\n\t\t\t\t\t\t<\/div>\n\t\t\t\t<\/div>\n\t\t\t\t<div class=\"elementor-element elementor-element-dbf81a4 elementor-widget elementor-widget-text-editor\" data-id=\"dbf81a4\" data-element_type=\"widget\" data-e-type=\"widget\" data-widget_type=\"text-editor.default\">\n\t\t\t\t<div class=\"elementor-widget-container\">\n\t\t\t\t\t\t\t\t\t<p>*Pflichtfeld<\/p>\t\t\t\t\t\t\t\t<\/div>\n\t\t\t\t<\/div>\n\t\t\t\t<div class=\"elementor-element elementor-element-3b12a90 elementor-widget elementor-widget-image\" data-id=\"3b12a90\" data-element_type=\"widget\" data-e-type=\"widget\" data-widget_type=\"image.default\">\n\t\t\t\t<div class=\"elementor-widget-container\">\n\t\t\t\t\t\t\t\t\t\t\t\t\t\t\t\t<a href=\"https:\/\/meoso.gmbh\/uber-uns-2\/\">\n\t\t\t\t\t\t\t<img decoding=\"async\" width=\"394\" height=\"210\" src=\"https:\/\/meoso.gmbh\/wp-content\/uploads\/2021\/11\/download.png\" class=\"attachment-large size-large wp-image-170\" alt=\"\" srcset=\"https:\/\/meoso.gmbh\/wp-content\/uploads\/2021\/11\/download.png 394w, https:\/\/meoso.gmbh\/wp-content\/uploads\/2021\/11\/download-300x160.png 300w\" sizes=\"(max-width: 394px) 100vw, 394px\" \/>\t\t\t\t\t\t\t\t<\/a>\n\t\t\t\t\t\t\t\t\t\t\t\t\t\t\t<\/div>\n\t\t\t\t<\/div>\n\t\t\t\t\t<\/div>\n\t\t<\/div>\n\t\t\t\t\t<\/div>\n\t\t<\/section>\n\t\t\t\t<div class=\"elementor-element elementor-element-1bdb0ff elementor-widget elementor-widget-image\" data-id=\"1bdb0ff\" data-element_type=\"widget\" data-e-type=\"widget\" data-widget_type=\"image.default\">\n\t\t\t\t<div class=\"elementor-widget-container\">\n\t\t\t\t\t\t\t\t\t\t\t\t\t\t\t<img loading=\"lazy\" decoding=\"async\" width=\"834\" height=\"330\" src=\"https:\/\/meoso.gmbh\/wp-content\/uploads\/2021\/11\/go-digital-preview.jpg\" class=\"attachment-large size-large wp-image-54\" alt=\"\" srcset=\"https:\/\/meoso.gmbh\/wp-content\/uploads\/2021\/11\/go-digital-preview.jpg 834w, https:\/\/meoso.gmbh\/wp-content\/uploads\/2021\/11\/go-digital-preview-300x119.jpg 300w, https:\/\/meoso.gmbh\/wp-content\/uploads\/2021\/11\/go-digital-preview-768x304.jpg 768w\" sizes=\"(max-width: 834px) 100vw, 834px\" \/>\t\t\t\t\t\t\t\t\t\t\t\t\t\t\t<\/div>\n\t\t\t\t<\/div>\n\t\t\t\t\t<\/div>\n\t\t<\/div>\n\t\t\t\t\t<\/div>\n\t\t<\/section>\n\t\t\t\t<\/div>\n\t\t","protected":false},"excerpt":{"rendered":"<p>Virtualisierung \u2013 hat viele Vorteile und spart deutlich Kosten Unter Virtualisierung versteht man das Verfahren, auf einem Rechner oder Server mehrere Betriebssysteme parallel zu installieren und diese unabh\u00e4ngig voneinander gleichzeitig mit unterschiedlichen Anwendungen laufen zu lassen. Das Verfahren der Virtualisierung bietet v\u00f6llig neue M\u00f6glichkeiten, und die wichtigsten Infos haben wir Ihnen hier zusammengestellt. Die beiden [&hellip;]<\/p>\n","protected":false},"author":4,"featured_media":0,"parent":0,"menu_order":0,"comment_status":"closed","ping_status":"closed","template":"elementor_header_footer","meta":{"ocean_post_layout":"full-screen","ocean_both_sidebars_style":"","ocean_both_sidebars_content_width":0,"ocean_both_sidebars_sidebars_width":0,"ocean_sidebar":"0","ocean_second_sidebar":"0","ocean_disable_margins":"on","ocean_add_body_class":"","ocean_shortcode_before_top_bar":"","ocean_shortcode_after_top_bar":"","ocean_shortcode_before_header":"","ocean_shortcode_after_header":"","ocean_has_shortcode":"","ocean_shortcode_after_title":"","ocean_shortcode_before_footer_widgets":"","ocean_shortcode_after_footer_widgets":"","ocean_shortcode_before_footer_bottom":"","ocean_shortcode_after_footer_bottom":"","ocean_display_top_bar":"off","ocean_display_header":"default","ocean_header_style":"","ocean_center_header_left_menu":"0","ocean_custom_header_template":"0","ocean_custom_logo":0,"ocean_custom_retina_logo":0,"ocean_custom_logo_max_width":0,"ocean_custom_logo_tablet_max_width":0,"ocean_custom_logo_mobile_max_width":0,"ocean_custom_logo_max_height":0,"ocean_custom_logo_tablet_max_height":0,"ocean_custom_logo_mobile_max_height":0,"ocean_header_custom_menu":"0","ocean_menu_typo_font_family":"0","ocean_menu_typo_font_subset":"","ocean_menu_typo_font_size":0,"ocean_menu_typo_font_size_tablet":0,"ocean_menu_typo_font_size_mobile":0,"ocean_menu_typo_font_size_unit":"px","ocean_menu_typo_font_weight":"","ocean_menu_typo_font_weight_tablet":"","ocean_menu_typo_font_weight_mobile":"","ocean_menu_typo_transform":"","ocean_menu_typo_transform_tablet":"","ocean_menu_typo_transform_mobile":"","ocean_menu_typo_line_height":0,"ocean_menu_typo_line_height_tablet":0,"ocean_menu_typo_line_height_mobile":0,"ocean_menu_typo_line_height_unit":"","ocean_menu_typo_spacing":0,"ocean_menu_typo_spacing_tablet":0,"ocean_menu_typo_spacing_mobile":0,"ocean_menu_typo_spacing_unit":"","ocean_menu_link_color":"","ocean_menu_link_color_hover":"","ocean_menu_link_color_active":"","ocean_menu_link_background":"","ocean_menu_link_hover_background":"","ocean_menu_link_active_background":"","ocean_menu_social_links_bg":"","ocean_menu_social_hover_links_bg":"","ocean_menu_social_links_color":"","ocean_menu_social_hover_links_color":"","ocean_disable_title":"on","ocean_disable_heading":"default","ocean_post_title":"","ocean_post_subheading":"","ocean_post_title_style":"","ocean_post_title_background_color":"","ocean_post_title_background":0,"ocean_post_title_bg_image_position":"","ocean_post_title_bg_image_attachment":"","ocean_post_title_bg_image_repeat":"","ocean_post_title_bg_image_size":"","ocean_post_title_height":0,"ocean_post_title_bg_overlay":0.5,"ocean_post_title_bg_overlay_color":"","ocean_disable_breadcrumbs":"default","ocean_breadcrumbs_color":"","ocean_breadcrumbs_separator_color":"","ocean_breadcrumbs_links_color":"","ocean_breadcrumbs_links_hover_color":"","ocean_display_footer_widgets":"off","ocean_display_footer_bottom":"default","ocean_custom_footer_template":"0","footnotes":""},"class_list":["post-305","page","type-page","status-publish","hentry","entry"],"_links":{"self":[{"href":"https:\/\/meoso.gmbh\/index.php?rest_route=\/wp\/v2\/pages\/305","targetHints":{"allow":["GET"]}}],"collection":[{"href":"https:\/\/meoso.gmbh\/index.php?rest_route=\/wp\/v2\/pages"}],"about":[{"href":"https:\/\/meoso.gmbh\/index.php?rest_route=\/wp\/v2\/types\/page"}],"author":[{"embeddable":true,"href":"https:\/\/meoso.gmbh\/index.php?rest_route=\/wp\/v2\/users\/4"}],"replies":[{"embeddable":true,"href":"https:\/\/meoso.gmbh\/index.php?rest_route=%2Fwp%2Fv2%2Fcomments&post=305"}],"version-history":[{"count":13,"href":"https:\/\/meoso.gmbh\/index.php?rest_route=\/wp\/v2\/pages\/305\/revisions"}],"predecessor-version":[{"id":1287,"href":"https:\/\/meoso.gmbh\/index.php?rest_route=\/wp\/v2\/pages\/305\/revisions\/1287"}],"wp:attachment":[{"href":"https:\/\/meoso.gmbh\/index.php?rest_route=%2Fwp%2Fv2%2Fmedia&parent=305"}],"curies":[{"name":"wp","href":"https:\/\/api.w.org\/{rel}","templated":true}]}}