{"id":280,"date":"2021-11-22T09:19:14","date_gmt":"2021-11-22T09:19:14","guid":{"rendered":"http:\/\/meoso.gmbh\/?page_id=280"},"modified":"2021-12-04T16:46:41","modified_gmt":"2021-12-04T16:46:41","slug":"windows-server","status":"publish","type":"page","link":"https:\/\/meoso.gmbh\/?page_id=280","title":{"rendered":"Windows Server"},"content":{"rendered":"\t\t<div data-elementor-type=\"wp-page\" data-elementor-id=\"280\" class=\"elementor elementor-280\">\n\t\t\t\t\t\t<section class=\"has_eae_slider elementor-section elementor-top-section elementor-element elementor-element-cdc8fd3 elementor-section-boxed elementor-section-height-default elementor-section-height-default\" data-eae-slider=\"4258\" data-id=\"cdc8fd3\" data-element_type=\"section\" data-e-type=\"section\">\n\t\t\t\t\t\t<div class=\"elementor-container elementor-column-gap-default\">\n\t\t\t\t\t<div class=\"has_eae_slider elementor-column elementor-col-50 elementor-top-column elementor-element elementor-element-a66010a\" data-eae-slider=\"44344\" data-id=\"a66010a\" data-element_type=\"column\" data-e-type=\"column\">\n\t\t\t<div class=\"elementor-widget-wrap elementor-element-populated\">\n\t\t\t\t\t\t<div class=\"elementor-element elementor-element-40088a5 elementor-widget elementor-widget-heading\" data-id=\"40088a5\" data-element_type=\"widget\" data-e-type=\"widget\" data-widget_type=\"heading.default\">\n\t\t\t\t<div class=\"elementor-widget-container\">\n\t\t\t\t\t<h2 class=\"elementor-heading-title elementor-size-default\">Wir installieren und pflegen Ihre Windows Server\n<\/h2>\t\t\t\t<\/div>\n\t\t\t\t<\/div>\n\t\t\t\t<div class=\"elementor-element elementor-element-999852f elementor-widget elementor-widget-text-editor\" data-id=\"999852f\" data-element_type=\"widget\" data-e-type=\"widget\" data-widget_type=\"text-editor.default\">\n\t\t\t\t<div class=\"elementor-widget-container\">\n\t\t\t\t\t\t\t\t\t<div id=\"c1227\"><div id=\"c1227\"><p>Der Windows Server von Microsoft ist das Herzst\u00fcck im jedem IT-Netzwerk. Auf ihm sind alle Benutzer des Netzwerkes registriert und er k\u00fcmmert sich um die korrekte Anmeldung dieser Benutzer. Auf dem Windows Server findet sich die Dateiablage sowie die hinterlegten Benutzerrechte, mit denen geregelt ist, welcher Benutzer Zugriff auf welche Dateien hat. Auch die im Netzwerk verf\u00fcgbaren Drucker werden hier installiert und entsprechend den Benutzern zur Verf\u00fcgung gestellt.<\/p><p>Falls Sie eine Datenbank z.B. f\u00fcr Ihr Warenwirtschaftssystem oder Ihre Kundenadressen betreiben, wird diese Datenbank zentral auf dem Windows Server abgelegt, damit alle Benutzer im Netzwerk Zugriff darauf erhalten.<\/p><p>Aktuell sind die Versionen Windows Server 2012 und 2016 am meisten verbreitet. Als Endanwender merkt man an seinem Arbeitsplatz nicht viel Unterschied zwischen den Server-Versionen. Aber f\u00fcr uns, die die Server administrieren, wurden viele Vorteile und Vereinfachungen in der neuesten Version eingebaut.<\/p><\/div><\/div>\t\t\t\t\t\t\t\t<\/div>\n\t\t\t\t<\/div>\n\t\t\t\t<section class=\"has_eae_slider elementor-section elementor-inner-section elementor-element elementor-element-8982c6a elementor-section-boxed elementor-section-height-default elementor-section-height-default\" data-eae-slider=\"44773\" data-id=\"8982c6a\" data-element_type=\"section\" data-e-type=\"section\">\n\t\t\t\t\t\t<div class=\"elementor-container elementor-column-gap-default\">\n\t\t\t\t\t<div class=\"has_eae_slider elementor-column elementor-col-50 elementor-inner-column elementor-element elementor-element-bc67d15\" data-eae-slider=\"76630\" data-id=\"bc67d15\" data-element_type=\"column\" data-e-type=\"column\">\n\t\t\t<div class=\"elementor-widget-wrap elementor-element-populated\">\n\t\t\t\t\t\t<div class=\"elementor-element elementor-element-fdbd419 elementor-widget elementor-widget-heading\" data-id=\"fdbd419\" data-element_type=\"widget\" data-e-type=\"widget\" data-widget_type=\"heading.default\">\n\t\t\t\t<div class=\"elementor-widget-container\">\n\t\t\t\t\t<h2 class=\"elementor-heading-title elementor-size-default\">Der Windows Server:\nDas Herz Ihres Unternehmens<\/h2>\t\t\t\t<\/div>\n\t\t\t\t<\/div>\n\t\t\t\t\t<\/div>\n\t\t<\/div>\n\t\t\t\t<div class=\"has_eae_slider elementor-column elementor-col-50 elementor-inner-column elementor-element elementor-element-d4b4df2\" data-eae-slider=\"2857\" data-id=\"d4b4df2\" data-element_type=\"column\" data-e-type=\"column\">\n\t\t\t<div class=\"elementor-widget-wrap elementor-element-populated\">\n\t\t\t\t\t\t<div class=\"elementor-element elementor-element-6c40f08 elementor-widget elementor-widget-image\" data-id=\"6c40f08\" data-element_type=\"widget\" data-e-type=\"widget\" data-widget_type=\"image.default\">\n\t\t\t\t<div class=\"elementor-widget-container\">\n\t\t\t\t\t\t\t\t\t\t\t\t\t\t\t<img fetchpriority=\"high\" decoding=\"async\" width=\"685\" height=\"220\" src=\"https:\/\/meoso.gmbh\/wp-content\/uploads\/2021\/11\/Netzwerkadministration_Windows-Server-2016.jpg\" class=\"attachment-large size-large wp-image-282\" alt=\"\" srcset=\"https:\/\/meoso.gmbh\/wp-content\/uploads\/2021\/11\/Netzwerkadministration_Windows-Server-2016.jpg 685w, https:\/\/meoso.gmbh\/wp-content\/uploads\/2021\/11\/Netzwerkadministration_Windows-Server-2016-300x96.jpg 300w\" sizes=\"(max-width: 685px) 100vw, 685px\" \/>\t\t\t\t\t\t\t\t\t\t\t\t\t\t\t<\/div>\n\t\t\t\t<\/div>\n\t\t\t\t\t<\/div>\n\t\t<\/div>\n\t\t\t\t\t<\/div>\n\t\t<\/section>\n\t\t\t\t<div class=\"elementor-element elementor-element-5610d33 elementor-widget elementor-widget-text-editor\" data-id=\"5610d33\" data-element_type=\"widget\" data-e-type=\"widget\" data-widget_type=\"text-editor.default\">\n\t\t\t\t<div class=\"elementor-widget-container\">\n\t\t\t\t\t\t\t\t\t<div id=\"c1227\"><div id=\"c1227\"><p>Wichtig ist bei einem Windows Server, dass er richtig installiert wird. Dann wird er \u00fcber Jahre hinweg stabil seinen Dient leisten. W\u00e4hrend der Laufzeit eines Servers ist darauf zu achten, regelm\u00e4\u00dfig die Patche des Herstellers Microsoft einzuspielen. Patche sind Softwareupdates, welche Sicherheitsl\u00fccken schlie\u00dfen, bekannt gewordene Fehler beseitigen und hin und wieder auch neue Funktionen zur Verf\u00fcgung stellen. Damit Ihr Server so sicher wie m\u00f6glich betrieben werden kann, sollten diese Patche immer so zeitnah wie m\u00f6glich eingespielt werden.<\/p><\/div><\/div>\t\t\t\t\t\t\t\t<\/div>\n\t\t\t\t<\/div>\n\t\t\t\t<div class=\"elementor-element elementor-element-5d35935 elementor-widget elementor-widget-heading\" data-id=\"5d35935\" data-element_type=\"widget\" data-e-type=\"widget\" data-widget_type=\"heading.default\">\n\t\t\t\t<div class=\"elementor-widget-container\">\n\t\t\t\t\t<h2 class=\"elementor-heading-title elementor-size-default\">Das ist neu am Windows Server 2016<\/h2>\t\t\t\t<\/div>\n\t\t\t\t<\/div>\n\t\t\t\t<div class=\"elementor-element elementor-element-4d04308 elementor-widget elementor-widget-text-editor\" data-id=\"4d04308\" data-element_type=\"widget\" data-e-type=\"widget\" data-widget_type=\"text-editor.default\">\n\t\t\t\t<div class=\"elementor-widget-container\">\n\t\t\t\t\t\t\t\t\t<div id=\"c1227\"><div id=\"c1227\"><p>Vor allem im Bereich\u00a0<strong>Virtualisierung<\/strong>\u00a0hat Microsoft deutliche Verbesserungen eingebaut:<\/p><ul><li><strong>H\u00f6here Ausfallsicherheit:<\/strong>\u00a0Man kann nun virtuelle Server \u00fcber mehrere Hardware-Server spiegeln, so dass ein Server die Arbeit automatisch \u00fcbernehmen kann, wenn der andere ausf\u00e4llt. Auch kann man die virtuellen Server besser \u00fcberwachen und z.B. automatisch einen Neustart ausf\u00fchren wenn der Server nicht mehr korrekt reagiert.<\/li><li><strong>Neue Lizensierung:<\/strong>\u00a0Bisher konnte man mit einer Lizenz einen Server installieren. Beim Server 2016 kann man nun mit einer Lizenz (Kosten ca. 800,- \u20ac) einen Basisserver installieren und darin zwei virtuelle Server. Mit jeder weiteren Lizenz kann man nun zwei weitere virtuelle Server installieren. Beim neuen Datacenter Server 2016 (Kosten ca. 3.800,- \u20ac) kann man nun auf einer Hardware beliebig viele virtuelle Server installieren \u2013 diese Lizenz lohnt sich, wenn man auf einer Hardware mehr als 11 virtuelle Server betreiben m\u00f6chte. Die Clientlizenz kostet ca. 30,- \u20ac pro User \u2013 diese k\u00f6nnen dann auf mehrere Server zugreifen.<\/li><li><strong>Mehr Arbeitsspeichernutzung:<\/strong>\u00a0Da die vielen virtuellen Server jede Menge Arbeitsspeicher ben\u00f6tigen, hat Microsoft das\u00a0bisherige Speicherlimit von 32 GB aufgehoben und nun ist unbegrenzter Speicher m\u00f6glich \u2013 je nachdem was die Serverhardware anbietet.<\/li><\/ul><\/div><\/div>\t\t\t\t\t\t\t\t<\/div>\n\t\t\t\t<\/div>\n\t\t\t\t<div class=\"elementor-element elementor-element-0bb022b elementor-widget elementor-widget-heading\" data-id=\"0bb022b\" data-element_type=\"widget\" data-e-type=\"widget\" data-widget_type=\"heading.default\">\n\t\t\t\t<div class=\"elementor-widget-container\">\n\t\t\t\t\t<h2 class=\"elementor-heading-title elementor-size-default\">Ihre Unternehmens-Daten \u2013 sicher auf dem Windows Server<\/h2>\t\t\t\t<\/div>\n\t\t\t\t<\/div>\n\t\t\t\t<div class=\"elementor-element elementor-element-fd879ee elementor-widget elementor-widget-text-editor\" data-id=\"fd879ee\" data-element_type=\"widget\" data-e-type=\"widget\" data-widget_type=\"text-editor.default\">\n\t\t\t\t<div class=\"elementor-widget-container\">\n\t\t\t\t\t\t\t\t\t<div id=\"c1227\"><div id=\"c1227\"><p>Der Windows Server beheimatet, wie Sie wissen, alle Daten Ihres Unternehmens. Daher ist es von gro\u00dfer Bedeutung, dass alle auf dem Server befindlichen Daten t\u00e4glich automatisch gesichert werden. Mehr hierzu erfahren Sie auf unserer Website unter dem Punkt\u00a0Datensicherung.<\/p><p>Damit ein Server m\u00f6glichst jeden Tag zuverl\u00e4ssig seinen Dienst tut, kann man auch pr\u00e4ventiv arbeiten. Wir \u00fcberwachen die Windows Server unserer Kunden mit einer Online-Server-\u00dcberwachung. Dieses System \u00fcberwacht alle wichtigen Funktionen eines Servers, z.B. ob die Datensicherung funktioniert hat, wie viel Speicherplatz noch verf\u00fcgbar ist, wie hoch die Temperatur im Server ist, ob die L\u00fcfter alle laufen und vieles mehr. Bei St\u00f6rungen bekommen wir eine Nachricht vom \u00dcberwachungssystem und k\u00f6nnen so oft eingreifen, bevor ein Server ausf\u00e4llt. Mehr zu diesem Thema erfahren Sie auf unserer Website unter dem Punkt\u00a0Server\u00fcberwachung.<\/p><p>Windows-Server gibt es auch als\u00a0Cloud-L\u00f6sung.<\/p><\/div><\/div>\t\t\t\t\t\t\t\t<\/div>\n\t\t\t\t<\/div>\n\t\t\t\t\t<\/div>\n\t\t<\/div>\n\t\t\t\t<div class=\"has_eae_slider elementor-column elementor-col-50 elementor-top-column elementor-element elementor-element-5020e23\" data-eae-slider=\"16495\" data-id=\"5020e23\" data-element_type=\"column\" data-e-type=\"column\">\n\t\t\t<div class=\"elementor-widget-wrap elementor-element-populated\">\n\t\t\t\t\t\t<section class=\"has_eae_slider elementor-section elementor-inner-section elementor-element elementor-element-4cde53d elementor-section-boxed elementor-section-height-default elementor-section-height-default\" data-eae-slider=\"53551\" data-id=\"4cde53d\" data-element_type=\"section\" data-e-type=\"section\" data-settings=\"{&quot;sticky&quot;:&quot;top&quot;,&quot;sticky_effects_offset&quot;:50,&quot;sticky_parent&quot;:&quot;yes&quot;,&quot;sticky_on&quot;:[&quot;desktop&quot;,&quot;tablet&quot;,&quot;mobile&quot;],&quot;sticky_offset&quot;:0}\">\n\t\t\t\t\t\t<div class=\"elementor-container elementor-column-gap-default\">\n\t\t\t\t\t<div class=\"has_eae_slider elementor-column elementor-col-100 elementor-inner-column elementor-element elementor-element-30505c5\" data-eae-slider=\"49607\" data-id=\"30505c5\" data-element_type=\"column\" data-e-type=\"column\" data-settings=\"{&quot;background_background&quot;:&quot;classic&quot;}\">\n\t\t\t<div class=\"elementor-widget-wrap elementor-element-populated\">\n\t\t\t\t\t\t<div class=\"elementor-element elementor-element-444d987 elementor-widget elementor-widget-heading\" data-id=\"444d987\" data-element_type=\"widget\" data-e-type=\"widget\" data-widget_type=\"heading.default\">\n\t\t\t\t<div class=\"elementor-widget-container\">\n\t\t\t\t\t<h2 class=\"elementor-heading-title elementor-size-default\">Wie geht's weiter?<\/h2>\t\t\t\t<\/div>\n\t\t\t\t<\/div>\n\t\t\t\t<div class=\"elementor-element elementor-element-39ef0a9 elementor-widget elementor-widget-text-editor\" data-id=\"39ef0a9\" data-element_type=\"widget\" data-e-type=\"widget\" data-widget_type=\"text-editor.default\">\n\t\t\t\t<div class=\"elementor-widget-container\">\n\t\t\t\t\t\t\t\t\t<p>Rufen Sie uns an oder schildern Sie uns Ihr Anliegen \u2013 wir melden uns dann schnellstm\u00f6glich bei Ihnen.<\/p>\t\t\t\t\t\t\t\t<\/div>\n\t\t\t\t<\/div>\n\t\t\t\t<div class=\"elementor-element elementor-element-ee759d2 elementor-widget elementor-widget-button\" data-id=\"ee759d2\" data-element_type=\"widget\" data-e-type=\"widget\" data-widget_type=\"button.default\">\n\t\t\t\t<div class=\"elementor-widget-container\">\n\t\t\t\t\t\t\t\t\t<div class=\"elementor-button-wrapper\">\n\t\t\t\t\t<a class=\"elementor-button elementor-button-link elementor-size-sm\" href=\"tel:%200151%20268%2043%20243\">\n\t\t\t\t\t\t<span class=\"elementor-button-content-wrapper\">\n\t\t\t\t\t\t<span class=\"elementor-button-icon\">\n\t\t\t\t<i aria-hidden=\"true\" class=\"fas fa-mobile-alt\"><\/i>\t\t\t<\/span>\n\t\t\t\t\t\t\t\t\t<span class=\"elementor-button-text\">0151 268 43 243<\/span>\n\t\t\t\t\t<\/span>\n\t\t\t\t\t<\/a>\n\t\t\t\t<\/div>\n\t\t\t\t\t\t\t\t<\/div>\n\t\t\t\t<\/div>\n\t\t\t\t<div class=\"elementor-element elementor-element-aab458f elementor-button-align-stretch elementor-widget elementor-widget-form\" data-id=\"aab458f\" data-element_type=\"widget\" data-e-type=\"widget\" data-settings=\"{&quot;step_next_label&quot;:&quot;Next&quot;,&quot;step_previous_label&quot;:&quot;Previous&quot;,&quot;button_width&quot;:&quot;100&quot;,&quot;step_type&quot;:&quot;number_text&quot;,&quot;step_icon_shape&quot;:&quot;circle&quot;}\" data-widget_type=\"form.default\">\n\t\t\t\t<div class=\"elementor-widget-container\">\n\t\t\t\t\t\t\t<form class=\"elementor-form\" method=\"post\" name=\"New Form\">\n\t\t\t<input type=\"hidden\" name=\"post_id\" value=\"280\"\/>\n\t\t\t<input type=\"hidden\" name=\"form_id\" value=\"aab458f\"\/>\n\t\t\t<input type=\"hidden\" name=\"referer_title\" value=\"\" \/>\n\n\t\t\t\n\t\t\t<div class=\"elementor-form-fields-wrapper elementor-labels-above\">\n\t\t\t\t\t\t\t\t<div class=\"elementor-field-type-text elementor-field-group elementor-column elementor-field-group-name elementor-col-100\">\n\t\t\t\t\t\t\t\t\t\t\t\t<label for=\"form-field-name\" class=\"elementor-field-label\">\n\t\t\t\t\t\t\t\tName\t\t\t\t\t\t\t<\/label>\n\t\t\t\t\t\t\t\t\t\t\t\t\t\t<input size=\"1\" type=\"text\" name=\"form_fields[name]\" id=\"form-field-name\" class=\"elementor-field elementor-size-sm  elementor-field-textual\">\n\t\t\t\t\t\t\t\t\t\t\t<\/div>\n\t\t\t\t\t\t\t\t<div class=\"elementor-field-type-text elementor-field-group elementor-column elementor-field-group-field_ce2d55b elementor-col-70\">\n\t\t\t\t\t\t\t\t\t\t\t\t<label for=\"form-field-field_ce2d55b\" class=\"elementor-field-label\">\n\t\t\t\t\t\t\t\tFirma\t\t\t\t\t\t\t<\/label>\n\t\t\t\t\t\t\t\t\t\t\t\t\t\t<input size=\"1\" type=\"text\" name=\"form_fields[field_ce2d55b]\" id=\"form-field-field_ce2d55b\" class=\"elementor-field elementor-size-sm  elementor-field-textual\">\n\t\t\t\t\t\t\t\t\t\t\t<\/div>\n\t\t\t\t\t\t\t\t<div class=\"elementor-field-type-number elementor-field-group elementor-column elementor-field-group-field_b6437f6 elementor-col-30 elementor-field-required elementor-mark-required\">\n\t\t\t\t\t\t\t\t\t\t\t\t<label for=\"form-field-field_b6437f6\" class=\"elementor-field-label\">\n\t\t\t\t\t\t\t\tAnzahl PCs\t\t\t\t\t\t\t<\/label>\n\t\t\t\t\t\t\t\t\t<input type=\"number\" name=\"form_fields[field_b6437f6]\" id=\"form-field-field_b6437f6\" class=\"elementor-field elementor-size-sm  elementor-field-textual\" required=\"required\" aria-required=\"true\" min=\"\" max=\"\" >\n\t\t\t\t\t\t<\/div>\n\t\t\t\t\t\t\t\t<div class=\"elementor-field-type-email elementor-field-group elementor-column elementor-field-group-email elementor-col-100 elementor-field-required elementor-mark-required\">\n\t\t\t\t\t\t\t\t\t\t\t\t<label for=\"form-field-email\" class=\"elementor-field-label\">\n\t\t\t\t\t\t\t\tE-Mail\t\t\t\t\t\t\t<\/label>\n\t\t\t\t\t\t\t\t\t\t\t\t\t\t<input size=\"1\" type=\"email\" name=\"form_fields[email]\" id=\"form-field-email\" class=\"elementor-field elementor-size-sm  elementor-field-textual\" required=\"required\" aria-required=\"true\">\n\t\t\t\t\t\t\t\t\t\t\t<\/div>\n\t\t\t\t\t\t\t\t<div class=\"elementor-field-type-text elementor-field-group elementor-column elementor-field-group-field_c871136 elementor-col-100\">\n\t\t\t\t\t\t\t\t\t\t\t\t<label for=\"form-field-field_c871136\" class=\"elementor-field-label\">\n\t\t\t\t\t\t\t\tTelefon\t\t\t\t\t\t\t<\/label>\n\t\t\t\t\t\t\t\t\t\t\t\t\t\t<input size=\"1\" type=\"text\" name=\"form_fields[field_c871136]\" id=\"form-field-field_c871136\" class=\"elementor-field elementor-size-sm  elementor-field-textual\">\n\t\t\t\t\t\t\t\t\t\t\t<\/div>\n\t\t\t\t\t\t\t\t<div class=\"elementor-field-type-textarea elementor-field-group elementor-column elementor-field-group-message elementor-col-100\">\n\t\t\t\t\t\t\t\t\t\t\t\t<label for=\"form-field-message\" class=\"elementor-field-label\">\n\t\t\t\t\t\t\t\tWas k\u00f6nnen wir f\u00fcr Sie tun?\t\t\t\t\t\t\t<\/label>\n\t\t\t\t\t\t<textarea class=\"elementor-field-textual elementor-field  elementor-size-sm\" name=\"form_fields[message]\" id=\"form-field-message\" rows=\"3\"><\/textarea>\t\t\t\t<\/div>\n\t\t\t\t\t\t\t\t<div class=\"elementor-field-type-acceptance elementor-field-group elementor-column elementor-field-group-field_91bacf9 elementor-col-100 elementor-field-required elementor-mark-required\">\n\t\t\t\t\t\t\t<div class=\"elementor-field-subgroup\">\n\t\t\t<span class=\"elementor-field-option\">\n\t\t\t\t<input type=\"checkbox\" name=\"form_fields[field_91bacf9]\" id=\"form-field-field_91bacf9\" class=\"elementor-field elementor-size-sm  elementor-acceptance-field\" required=\"required\" aria-required=\"true\">\n\t\t\t\t<label for=\"form-field-field_91bacf9\">Ich stimme der Verarbeitung meiner Daten gem\u00e4\u00df Datenschutzerkl\u00e4rung zu.<\/label>\t\t\t<\/span>\n\t\t<\/div>\n\t\t\t\t\t\t<\/div>\n\t\t\t\t\t\t\t\t<div class=\"elementor-field-group elementor-column elementor-field-type-submit elementor-col-100 e-form__buttons\">\n\t\t\t\t\t<button type=\"submit\" class=\"elementor-button elementor-size-sm\">\n\t\t\t\t\t\t<span >\n\t\t\t\t\t\t\t\t\t\t\t\t\t\t\t<span class=\" elementor-button-icon\">\n\t\t\t\t\t\t\t\t\t\t\t\t\t\t\t\t\t\t\t\t\t\t\t\t\t\t<\/span>\n\t\t\t\t\t\t\t\t\t\t\t\t\t\t\t\t\t\t\t\t\t\t<span class=\"elementor-button-text\">IT-Betreuung anfragen<\/span>\n\t\t\t\t\t\t\t\t\t\t\t\t\t<\/span>\n\t\t\t\t\t<\/button>\n\t\t\t\t<\/div>\n\t\t\t<\/div>\n\t\t<\/form>\n\t\t\t\t\t\t<\/div>\n\t\t\t\t<\/div>\n\t\t\t\t<div class=\"elementor-element elementor-element-24065cc elementor-widget elementor-widget-text-editor\" data-id=\"24065cc\" data-element_type=\"widget\" data-e-type=\"widget\" data-widget_type=\"text-editor.default\">\n\t\t\t\t<div class=\"elementor-widget-container\">\n\t\t\t\t\t\t\t\t\t<p>*Pflichtfeld<\/p>\t\t\t\t\t\t\t\t<\/div>\n\t\t\t\t<\/div>\n\t\t\t\t<div class=\"elementor-element elementor-element-7a7b8de elementor-widget elementor-widget-image\" data-id=\"7a7b8de\" data-element_type=\"widget\" data-e-type=\"widget\" data-widget_type=\"image.default\">\n\t\t\t\t<div class=\"elementor-widget-container\">\n\t\t\t\t\t\t\t\t\t\t\t\t\t\t\t\t<a href=\"https:\/\/meoso.gmbh\/uber-uns-2\/\">\n\t\t\t\t\t\t\t<img decoding=\"async\" width=\"394\" height=\"210\" src=\"https:\/\/meoso.gmbh\/wp-content\/uploads\/2021\/11\/download.png\" class=\"attachment-large size-large wp-image-170\" alt=\"\" srcset=\"https:\/\/meoso.gmbh\/wp-content\/uploads\/2021\/11\/download.png 394w, https:\/\/meoso.gmbh\/wp-content\/uploads\/2021\/11\/download-300x160.png 300w\" sizes=\"(max-width: 394px) 100vw, 394px\" \/>\t\t\t\t\t\t\t\t<\/a>\n\t\t\t\t\t\t\t\t\t\t\t\t\t\t\t<\/div>\n\t\t\t\t<\/div>\n\t\t\t\t\t<\/div>\n\t\t<\/div>\n\t\t\t\t\t<\/div>\n\t\t<\/section>\n\t\t\t\t<div class=\"elementor-element elementor-element-615a787 elementor-widget elementor-widget-image\" data-id=\"615a787\" data-element_type=\"widget\" data-e-type=\"widget\" data-widget_type=\"image.default\">\n\t\t\t\t<div class=\"elementor-widget-container\">\n\t\t\t\t\t\t\t\t\t\t\t\t\t\t\t<img decoding=\"async\" width=\"834\" height=\"330\" src=\"https:\/\/meoso.gmbh\/wp-content\/uploads\/2021\/11\/go-digital-preview.jpg\" class=\"attachment-large size-large wp-image-54\" alt=\"\" srcset=\"https:\/\/meoso.gmbh\/wp-content\/uploads\/2021\/11\/go-digital-preview.jpg 834w, https:\/\/meoso.gmbh\/wp-content\/uploads\/2021\/11\/go-digital-preview-300x119.jpg 300w, https:\/\/meoso.gmbh\/wp-content\/uploads\/2021\/11\/go-digital-preview-768x304.jpg 768w\" sizes=\"(max-width: 834px) 100vw, 834px\" \/>\t\t\t\t\t\t\t\t\t\t\t\t\t\t\t<\/div>\n\t\t\t\t<\/div>\n\t\t\t\t\t<\/div>\n\t\t<\/div>\n\t\t\t\t\t<\/div>\n\t\t<\/section>\n\t\t\t\t<\/div>\n\t\t","protected":false},"excerpt":{"rendered":"<p>Wir installieren und pflegen Ihre Windows Server Der Windows Server von Microsoft ist das Herzst\u00fcck im jedem IT-Netzwerk. Auf ihm sind alle Benutzer des Netzwerkes registriert und er k\u00fcmmert sich um die korrekte Anmeldung dieser Benutzer. Auf dem Windows Server findet sich die Dateiablage sowie die hinterlegten Benutzerrechte, mit denen geregelt ist, welcher Benutzer Zugriff [&hellip;]<\/p>\n","protected":false},"author":4,"featured_media":0,"parent":0,"menu_order":0,"comment_status":"closed","ping_status":"closed","template":"elementor_header_footer","meta":{"ocean_post_layout":"full-screen","ocean_both_sidebars_style":"","ocean_both_sidebars_content_width":0,"ocean_both_sidebars_sidebars_width":0,"ocean_sidebar":"0","ocean_second_sidebar":"0","ocean_disable_margins":"enable","ocean_add_body_class":"","ocean_shortcode_before_top_bar":"","ocean_shortcode_after_top_bar":"","ocean_shortcode_before_header":"","ocean_shortcode_after_header":"","ocean_has_shortcode":"","ocean_shortcode_after_title":"","ocean_shortcode_before_footer_widgets":"","ocean_shortcode_after_footer_widgets":"","ocean_shortcode_before_footer_bottom":"","ocean_shortcode_after_footer_bottom":"","ocean_display_top_bar":"off","ocean_display_header":"default","ocean_header_style":"","ocean_center_header_left_menu":"0","ocean_custom_header_template":"0","ocean_custom_logo":0,"ocean_custom_retina_logo":0,"ocean_custom_logo_max_width":0,"ocean_custom_logo_tablet_max_width":0,"ocean_custom_logo_mobile_max_width":0,"ocean_custom_logo_max_height":0,"ocean_custom_logo_tablet_max_height":0,"ocean_custom_logo_mobile_max_height":0,"ocean_header_custom_menu":"0","ocean_menu_typo_font_family":"0","ocean_menu_typo_font_subset":"","ocean_menu_typo_font_size":0,"ocean_menu_typo_font_size_tablet":0,"ocean_menu_typo_font_size_mobile":0,"ocean_menu_typo_font_size_unit":"px","ocean_menu_typo_font_weight":"","ocean_menu_typo_font_weight_tablet":"","ocean_menu_typo_font_weight_mobile":"","ocean_menu_typo_transform":"","ocean_menu_typo_transform_tablet":"","ocean_menu_typo_transform_mobile":"","ocean_menu_typo_line_height":0,"ocean_menu_typo_line_height_tablet":0,"ocean_menu_typo_line_height_mobile":0,"ocean_menu_typo_line_height_unit":"","ocean_menu_typo_spacing":0,"ocean_menu_typo_spacing_tablet":0,"ocean_menu_typo_spacing_mobile":0,"ocean_menu_typo_spacing_unit":"","ocean_menu_link_color":"","ocean_menu_link_color_hover":"","ocean_menu_link_color_active":"","ocean_menu_link_background":"","ocean_menu_link_hover_background":"","ocean_menu_link_active_background":"","ocean_menu_social_links_bg":"","ocean_menu_social_hover_links_bg":"","ocean_menu_social_links_color":"","ocean_menu_social_hover_links_color":"","ocean_disable_title":"on","ocean_disable_heading":"default","ocean_post_title":"","ocean_post_subheading":"","ocean_post_title_style":"","ocean_post_title_background_color":"","ocean_post_title_background":0,"ocean_post_title_bg_image_position":"","ocean_post_title_bg_image_attachment":"","ocean_post_title_bg_image_repeat":"","ocean_post_title_bg_image_size":"","ocean_post_title_height":0,"ocean_post_title_bg_overlay":0.5,"ocean_post_title_bg_overlay_color":"","ocean_disable_breadcrumbs":"default","ocean_breadcrumbs_color":"","ocean_breadcrumbs_separator_color":"","ocean_breadcrumbs_links_color":"","ocean_breadcrumbs_links_hover_color":"","ocean_display_footer_widgets":"off","ocean_display_footer_bottom":"default","ocean_custom_footer_template":"0","footnotes":""},"class_list":["post-280","page","type-page","status-publish","hentry","entry"],"_links":{"self":[{"href":"https:\/\/meoso.gmbh\/index.php?rest_route=\/wp\/v2\/pages\/280","targetHints":{"allow":["GET"]}}],"collection":[{"href":"https:\/\/meoso.gmbh\/index.php?rest_route=\/wp\/v2\/pages"}],"about":[{"href":"https:\/\/meoso.gmbh\/index.php?rest_route=\/wp\/v2\/types\/page"}],"author":[{"embeddable":true,"href":"https:\/\/meoso.gmbh\/index.php?rest_route=\/wp\/v2\/users\/4"}],"replies":[{"embeddable":true,"href":"https:\/\/meoso.gmbh\/index.php?rest_route=%2Fwp%2Fv2%2Fcomments&post=280"}],"version-history":[{"count":10,"href":"https:\/\/meoso.gmbh\/index.php?rest_route=\/wp\/v2\/pages\/280\/revisions"}],"predecessor-version":[{"id":1272,"href":"https:\/\/meoso.gmbh\/index.php?rest_route=\/wp\/v2\/pages\/280\/revisions\/1272"}],"wp:attachment":[{"href":"https:\/\/meoso.gmbh\/index.php?rest_route=%2Fwp%2Fv2%2Fmedia&parent=280"}],"curies":[{"name":"wp","href":"https:\/\/api.w.org\/{rel}","templated":true}]}}